{"id":434,"date":"2023-06-05T09:11:38","date_gmt":"2023-06-05T09:11:38","guid":{"rendered":"https:\/\/simapenedes.com\/qui-som\/"},"modified":"2024-10-18T15:12:24","modified_gmt":"2024-10-18T15:12:24","slug":"qui-som","status":"publish","type":"page","link":"https:\/\/simapenedes.com\/ca\/qui-som\/","title":{"rendered":"Qui som"},"content":{"rendered":"<p>[et_pb_section fb_built=&#8221;1&#8243; fullwidth=&#8221;on&#8221; _builder_version=&#8221;4.21.0&#8243; _module_preset=&#8221;default&#8221; global_colors_info=&#8221;{}&#8221;][et_pb_fullwidth_slider _builder_version=&#8221;4.27.2&#8243; _module_preset=&#8221;default&#8221; custom_padding=&#8221;200px||160px||false|false&#8221; hover_enabled=&#8221;0&#8243; global_colors_info=&#8221;{}&#8221; sticky_enabled=&#8221;0&#8243;][et_pb_slide heading=&#8221;Innovaci\u00f3 i Experi\u00e8ncia en Automatitzaci\u00f3 i Manteniment Industrial des de fa m\u00e9s de 40 anys&#8221; _builder_version=&#8221;4.27.2&#8243; _module_preset=&#8221;default&#8221; header_font=&#8221;|600|||||||&#8221; header_font_size=&#8221;50px&#8221; background_color=&#8221;rgba(40,40,40,0.53)&#8221; background_enable_color=&#8221;on&#8221; background_image=&#8221;https:\/\/simapenedes.com\/wp-content\/uploads\/2024\/10\/WhatsApp-Image-2024-10-18-at-16.27.57.jpeg&#8221; background_enable_image=&#8221;on&#8221; background_blend=&#8221;multiply&#8221; hover_enabled=&#8221;0&#8243; header_font_size_tablet=&#8221;40px&#8221; header_font_size_phone=&#8221;30px&#8221; header_font_size_last_edited=&#8221;on|phone&#8221; global_colors_info=&#8221;{}&#8221; sticky_transition=&#8221;on&#8221; sticky_enabled=&#8221;0&#8243;]<\/p>\n<p>SIMA PENED\u00c8S S.L.<\/p>\n<p>[\/et_pb_slide][\/et_pb_fullwidth_slider][\/et_pb_section][et_pb_section fb_built=&#8221;1&#8243; _builder_version=&#8221;4.21.0&#8243; _module_preset=&#8221;default&#8221; background_enable_color=&#8221;off&#8221; custom_padding=&#8221;4.6%||4.6%||false|false&#8221; global_colors_info=&#8221;{}&#8221;][et_pb_row column_structure=&#8221;1_2,1_2&#8243; use_custom_gutter=&#8221;on&#8221; gutter_width=&#8221;1&#8243; make_equal=&#8221;on&#8221; module_id=&#8221;materiales&#8221; _builder_version=&#8221;4.21.0&#8243; _module_preset=&#8221;default&#8221; global_colors_info=&#8221;{}&#8221;][et_pb_column type=&#8221;1_2&#8243; _builder_version=&#8221;4.21.0&#8243; _module_preset=&#8221;default&#8221; background_color=&#8221;#282828&#8243; custom_padding=&#8221;40px|40px|40px|40px|false|true&#8221; custom_padding_tablet=&#8221;40px|40px|40px|40px|false|true&#8221; custom_padding_phone=&#8221;||20px||false|true&#8221; custom_padding_last_edited=&#8221;on|phone&#8221; global_colors_info=&#8221;{}&#8221;][et_pb_button button_url=&#8221;#sobreNosotros&#8221; button_text=&#8221;Sobre nosaltres&#8221; button_alignment=&#8221;center&#8221; _builder_version=&#8221;4.21.0&#8243; _module_preset=&#8221;default&#8221; custom_button=&#8221;on&#8221; button_text_color=&#8221;#FFFFFF&#8221; button_bg_color=&#8221;#E0273E&#8221; button_border_width=&#8221;0px&#8221; button_border_radius=&#8221;4px&#8221; button_use_icon=&#8221;off&#8221; custom_css_main_element=&#8221;width:100%&#8221; global_colors_info=&#8221;{}&#8221; button_bg_color__hover=&#8221;#e06775&#8243; button_bg_color__hover_enabled=&#8221;on|hover&#8221; button_border_radius__hover=&#8221;0px&#8221; button_border_radius__hover_enabled=&#8221;on|desktop&#8221;][\/et_pb_button][\/et_pb_column][et_pb_column type=&#8221;1_2&#8243; _builder_version=&#8221;4.21.0&#8243; _module_preset=&#8221;default&#8221; background_color=&#8221;#282828&#8243; custom_padding=&#8221;40px|40px|40px|40px|true|true&#8221; custom_padding_tablet=&#8221;40px|40px|40px|40px|true|true&#8221; custom_padding_phone=&#8221;20px||||false|true&#8221; custom_padding_last_edited=&#8221;on|phone&#8221; global_colors_info=&#8221;{}&#8221;][et_pb_button button_url=&#8221;#preguntasFrecuentes&#8221; button_text=&#8221;Preguntes freq\u00fcents&#8221; button_alignment=&#8221;center&#8221; _builder_version=&#8221;4.21.0&#8243; _module_preset=&#8221;default&#8221; custom_button=&#8221;on&#8221; button_text_color=&#8221;#FFFFFF&#8221; button_bg_color=&#8221;#E0273E&#8221; button_border_width=&#8221;0px&#8221; button_border_radius=&#8221;4px&#8221; button_use_icon=&#8221;off&#8221; custom_css_main_element=&#8221;width:100%&#8221; global_colors_info=&#8221;{}&#8221; button_bg_color__hover=&#8221;#e06775&#8243; button_bg_color__hover_enabled=&#8221;on|hover&#8221; button_border_radius__hover=&#8221;0px&#8221; button_border_radius__hover_enabled=&#8221;on|desktop&#8221;][\/et_pb_button][\/et_pb_column][\/et_pb_row][et_pb_row module_id=&#8221;sobreNosotros&#8221; _builder_version=&#8221;4.21.0&#8243; _module_preset=&#8221;default&#8221; global_colors_info=&#8221;{}&#8221;][et_pb_column type=&#8221;4_4&#8243; _builder_version=&#8221;4.21.0&#8243; _module_preset=&#8221;default&#8221; global_colors_info=&#8221;{}&#8221;][et_pb_text _builder_version=&#8221;4.21.0&#8243; _module_preset=&#8221;default&#8221; header_font_size=&#8221;40px&#8221; header_3_font=&#8221;|||on|||||&#8221; header_3_font_size=&#8221;40px&#8221; header_3_line_height=&#8221;1.2em&#8221; global_colors_info=&#8221;{}&#8221;]<\/p>\n<h3 style=\"text-align: center;\">Sobre nosaltres<\/h3>\n<p><span><\/span><\/p>\n<p><strong>La nostra Traject\u00f2ria d&#8217;\u00c8xit a Enginyeria Industrial<\/strong><\/p>\n<p>Sima Pened\u00e8s, una hist\u00f2ria de comprom\u00eds, innovaci\u00f3 i \u00e8xit. Amb m\u00e9s de 40 anys d&#8217;experi\u00e8ncia al sector de l&#8217;enginyeria industrial, hem evolucionat per convertir-nos en un referent a la ind\u00fastria. Som una empresa dedicada al manteniment industrial, disseny de maquin\u00e0ria i molt m\u00e9s, recolzada per un equip apassionat i expert.<\/p>\n<p><strong>Especialistes en Manteniment Industrial i Disseny de Maquin\u00e0ria:<\/strong><\/p>\n<p>La nostra especialitzaci\u00f3 inclou dos pilars fonamentals: el manteniment industrial i el disseny de maquin\u00e0ria. Al llarg dels anys, hem perfeccionat les nostres habilitats i t\u00e8cniques en aquestes \u00e0rees, fet que ens ha convertit en un referent en l&#8217;optimitzaci\u00f3 de sistemes de producci\u00f3 i l&#8217;automatitzaci\u00f3 de processos.<\/p>\n<p><strong>Experi\u00e8ncia i Tradici\u00f3:<\/strong><\/p>\n<p>La nostra experi\u00e8ncia de m\u00e9s de quatre d\u00e8cades \u00e9s el nostre segell distintiu. Durant aquest temps, hem enfrontat i superat els desafiaments m\u00e9s complexos al camp del manteniment industrial, el disseny de maquin\u00e0ria i l&#8217;automatitzaci\u00f3 de processos. Aquesta tradici\u00f3 ens ha perm\u00e8s desenvolupar un coneixement profund i comprensi\u00f3 de les necessitats dels nostres clients.<\/p>\n<p><strong>Innovaci\u00f3 i Automatitzaci\u00f3:<\/strong><\/p>\n<p>Abrazem la innovaci\u00f3 com a part del nostre ADN. La nostra oficina t\u00e8cnica est\u00e0 a l&#8217;avantguarda de les noves tecnologies, cosa que ens permet oferir solucions d&#8217;\u00faltima generaci\u00f3. L&#8217;automatitzaci\u00f3 de processos i l&#8217;optimitzaci\u00f3 de sistemes de producci\u00f3 s\u00f3n \u00e0rees on destaquem, ajudant els nostres clients a assolir nous nivells d&#8217;efici\u00e8ncia i competitivitat.<\/p>\n<p><strong>Col\u00b7laboraci\u00f3 i Qualitat:<\/strong><\/p>\n<p>Creiem en la col\u00b7laboraci\u00f3 propera amb els nostres clients. El teu \u00e8xit \u00e9s el nostre \u00e8xit, i treballem plegats per convertir les teves idees en realitats tangibles. Nuestra oficina t\u00e9cnica est\u00e1 dedicada a comprender tus objetivos y desarrollar soluciones personalizadas que superen tus expectativas.<\/p>\n<p><strong>Est\u00e0ndards de Qualitat Impecables:<\/strong><\/p>\n<p>La qualitat \u00e9s un valor fonamental. Mantenim alts est\u00e0ndards de qualitat a cada projecte que emprenem, des del disseny de maquin\u00e0ria fins al manteniment industrial. Cada detall importa, i ens esforcem per lliurar productes i serveis que compleixin els m\u00e9s rigorosos est\u00e0ndards de la ind\u00fastria.<\/p>\n<p> En resum som molt m\u00e9s que una empresa d&#8217;enginyeria industrial; som els teus socis a la recerca de l&#8217;excel\u00b7l\u00e8ncia. La nostra experi\u00e8ncia, innovaci\u00f3 i comprom\u00eds amb la qualitat ens permeten oferir solucions que marquen la difer\u00e8ncia.<\/p>\n<p>[\/et_pb_text][\/et_pb_column][\/et_pb_row][et_pb_row column_structure=&#8221;1_2,1_2&#8243; module_id=&#8221;preguntasFrecuentes&#8221; _builder_version=&#8221;4.21.0&#8243; _module_preset=&#8221;default&#8221; custom_padding=&#8221;50px||||false|false&#8221; custom_css_main_element=&#8221;display:flex;||justify-content:center;||align-items:center;&#8221; global_colors_info=&#8221;{}&#8221; custom_css_main_element_last_edited=&#8221;on|phone&#8221; custom_css_main_element_phone=&#8221;display:block;&#8221; custom_css_main_element_tablet=&#8221;display:flex;||justify-content:center;||align-items:center;&#8221;][et_pb_column type=&#8221;1_2&#8243; _builder_version=&#8221;4.21.0&#8243; _module_preset=&#8221;default&#8221; global_colors_info=&#8221;{}&#8221;][et_pb_text _builder_version=&#8221;4.21.0&#8243; _module_preset=&#8221;default&#8221; header_3_font=&#8221;|||on|||||&#8221; header_3_font_size=&#8221;40px&#8221; header_3_line_height=&#8221;1.2em&#8221; global_colors_info=&#8221;{}&#8221;]<\/p>\n<h3 style=\"text-align: center;\">Preguntes freq\u00fcents<\/h3>\n<p><span><\/span><\/p>\n<p>&nbsp;<\/p>\n<p>[\/et_pb_text][et_pb_toggle title=&#8221;Quin tipus de maquin\u00e0ria industrial dissenyen i construeixen?&#8221; open_toggle_background_color=&#8221;RGBA(255,255,255,0)&#8221; closed_toggle_background_color=&#8221;RGBA(255,255,255,0)&#8221; icon_color=&#8221;#E0273E&#8221; open_icon_color=&#8221;#E0273E&#8221; _builder_version=&#8221;4.21.0&#8243; _module_preset=&#8221;default&#8221; border_color_all=&#8221;#000000&#8243; global_colors_info=&#8221;{}&#8221;]<\/p>\n<p><span>Dissenyem i fabriquem una \u00e0mplia gamma de maquin\u00e0ria industrial a mida per a diverses aplicacions. Des de processos de fabricaci\u00f3 fins a sistemes d&#8217;automatitzaci\u00f3, el nostre enfocament personalitzat compren les necessitats espec\u00edfiques de petites, mitjanes i grans corporacions.<\/span><\/p>\n<p>[\/et_pb_toggle][et_pb_toggle title=&#8221;Com funcionen els projectes %22claus en m\u00e0%22?&#8221; open_toggle_background_color=&#8221;RGBA(255,255,255,0)&#8221; closed_toggle_background_color=&#8221;RGBA(255,255,255,0)&#8221; icon_color=&#8221;#E0273E&#8221; open_icon_color=&#8221;#E0273E&#8221; _builder_version=&#8221;4.21.0&#8243; _module_preset=&#8221;default&#8221; border_color_all=&#8221;#000000&#8243; global_colors_info=&#8221;{}&#8221;]<\/p>\n<p><span>Els nostres projectes &#8220;claus en m\u00e0&#8221; inclouen des del disseny i la fabricaci\u00f3 fins a la instal\u00b7laci\u00f3 i posada en marxa. Ens encarreguem de tots els aspectes del proc\u00e9s, proporcionant solucions integrals per assegurar l&#8217;efici\u00e8ncia i la qualitat des de l&#8217;inici fins al lliurament final.<\/span><\/p>\n<p>[\/et_pb_toggle][et_pb_toggle title=&#8221;Quin \u00e9s l&apos;avantatge de comptar amb el servei de manteniment industrial?&#8221; open_toggle_background_color=&#8221;RGBA(255,255,255,0)&#8221; closed_toggle_background_color=&#8221;RGBA(255,255,255,0)&#8221; icon_color=&#8221;#E0273E&#8221; open_icon_color=&#8221;#E0273E&#8221; _builder_version=&#8221;4.21.0&#8243; _module_preset=&#8221;default&#8221; border_color_all=&#8221;#000000&#8243; global_colors_info=&#8221;{}&#8221;]<\/p>\n<p><span>El nostre servei de manteniment industrial garanteix l&#8217;operativitat continuada de les instal\u00b7lacions fabrils. Amb una combinaci\u00f3 de programaci\u00f3 preventiva i resposta r\u00e0pida, treballem per minimitzar el temps d&#8217;inactivitat, optimitzar el rendiment i perllongar la vida \u00fatil dels equips.<\/span><\/p>\n<p>[\/et_pb_toggle][et_pb_toggle title=&#8221; Com puc iniciar un projecte amb la vostra empresa?&#8221; open_toggle_background_color=&#8221;RGBA(255,255,255,0)&#8221; closed_toggle_background_color=&#8221;RGBA(255,255,255,0)&#8221; icon_color=&#8221;#E0273E&#8221; open_icon_color=&#8221;#E0273E&#8221; _builder_version=&#8221;4.21.0&#8243; _module_preset=&#8221;default&#8221; border_color_all=&#8221;#000000&#8243; global_colors_info=&#8221;{}&#8221;]<\/p>\n<p><span>Iniciar un projecte amb nosaltres \u00e9s senzill. Podeu posar-vos en contacte amb el nostre equip a trav\u00e9s de la nostra oficina t\u00e8cnica. Els nostres experts treballaran estretament amb vosaltres per comprendre els vostres requisits, proporcionar recomanacions i desenvolupar una proposta detallada per al vostre projecte industrial a mida.<\/span><\/p>\n<p>[\/et_pb_toggle][\/et_pb_column][et_pb_column type=&#8221;1_2&#8243; _builder_version=&#8221;4.21.0&#8243; _module_preset=&#8221;default&#8221; global_colors_info=&#8221;{}&#8221;][et_pb_image src=&#8221;https:\/\/simapenedes.com\/wp-content\/uploads\/2024\/10\/sima.jpg&#8221; title_text=&#8221;sima&#8221; _builder_version=&#8221;4.27.2&#8243; _module_preset=&#8221;default&#8221; global_colors_info=&#8221;{}&#8221;][\/et_pb_image][\/et_pb_column][\/et_pb_row][\/et_pb_section][et_pb_section fb_built=&#8221;1&#8243; _builder_version=&#8221;4.21.0&#8243; _module_preset=&#8221;default&#8221; background_color=&#8221;#282828&#8243; global_colors_info=&#8221;{}&#8221;][et_pb_row column_structure=&#8221;1_2,1_2&#8243; use_custom_gutter=&#8221;on&#8221; gutter_width=&#8221;2&#8243; make_equal=&#8221;on&#8221; _builder_version=&#8221;4.21.0&#8243; _module_preset=&#8221;default&#8221; custom_css_main_element=&#8221;display:flex;||align-items:center;||justify-content:center;&#8221; global_colors_info=&#8221;{}&#8221; custom_css_main_element__hover_enabled=&#8221;off|desktop&#8221; custom_css_main_element_last_edited=&#8221;on|phone&#8221; custom_css_main_element_phone=&#8221;display:block;&#8221; custom_css_main_element_tablet=&#8221;display:flex;||align-items:center;||justify-content:center;&#8221;][et_pb_column type=&#8221;1_2&#8243; _builder_version=&#8221;4.21.0&#8243; _module_preset=&#8221;default&#8221; global_colors_info=&#8221;{}&#8221;][et_pb_text _builder_version=&#8221;4.21.0&#8243; _module_preset=&#8221;default&#8221; text_text_color=&#8221;#FFFFFF&#8221; text_font_size=&#8221;40px&#8221; text_line_height=&#8221;1.2em&#8221; global_colors_info=&#8221;{}&#8221;]<\/p>\n<p><span>Fes equip amb nosaltres<\/span><\/p>\n<p>[\/et_pb_text][et_pb_text _builder_version=&#8221;4.21.0&#8243; _module_preset=&#8221;default&#8221; text_text_color=&#8221;#EFEFEF&#8221; global_colors_info=&#8221;{}&#8221;]<\/p>\n<p><span>Si vols formar part del nostre equip meravell\u00f3s, si us plau, sent-te lliure de contactar-nos.<\/span><\/p>\n<p>[\/et_pb_text][\/et_pb_column][et_pb_column type=&#8221;1_2&#8243; _builder_version=&#8221;4.21.0&#8243; _module_preset=&#8221;default&#8221; global_colors_info=&#8221;{}&#8221;][et_pb_button button_text=&#8221;Nosotros&#8221; button_alignment=&#8221;left&#8221; module_class=&#8221;miBoton&#8221; _builder_version=&#8221;4.21.0&#8243; _module_preset=&#8221;default&#8221; custom_button=&#8221;on&#8221; button_text_color=&#8221;#FFFFFF&#8221; button_bg_color=&#8221;#E0273E&#8221; button_border_width=&#8221;0px&#8221; button_use_icon=&#8221;off&#8221; position_origin_a=&#8221;center_right&#8221; horizontal_offset_last_edited=&#8221;off|desktop&#8221; animation_style=&#8221;slide&#8221; animation_direction=&#8221;bottom&#8221; global_colors_info=&#8221;{}&#8221; position_origin_a__hover_enabled=&#8221;off|desktop&#8221; positioning__hover_enabled=&#8221;off|desktop&#8221; position_origin_f__hover_enabled=&#8221;off|desktop&#8221; position_origin_r__hover_enabled=&#8221;off|desktop&#8221; horizontal_offset__hover_enabled=&#8221;on|hover&#8221; horizontal_offset__hover=&#8221;0px&#8221; position_origin_a__hover=&#8221;top_right&#8221; vertical_offset__hover_enabled=&#8221;on|hover&#8221; vertical_offset__hover=&#8221;-13px&#8221; positioning__hover=&#8221;absolute&#8221;][\/et_pb_button][\/et_pb_column][\/et_pb_row][\/et_pb_section]<\/p>\n","protected":false},"excerpt":{"rendered":"<p>SIMA PENED\u00c8S S.L.Sobre nosaltres La nostra Traject\u00f2ria d&#8217;\u00c8xit a Enginyeria Industrial Sima Pened\u00e8s, una hist\u00f2ria de comprom\u00eds, innovaci\u00f3 i \u00e8xit. Amb m\u00e9s de 40 anys d&#8217;experi\u00e8ncia al sector de l&#8217;enginyeria industrial, hem evolucionat per convertir-nos en un referent a la ind\u00fastria. Som una empresa dedicada al manteniment industrial, disseny de maquin\u00e0ria i molt m\u00e9s, recolzada [&hellip;]<\/p>\n","protected":false},"author":1,"featured_media":0,"parent":0,"menu_order":0,"comment_status":"closed","ping_status":"closed","template":"","meta":{"_acf_changed":false,"_et_pb_use_builder":"on","_et_pb_old_content":"","_et_gb_content_width":"","footnotes":""},"class_list":["post-434","page","type-page","status-publish","hentry"],"acf":[],"yoast_head":"<!-- This site is optimized with the Yoast SEO plugin v27.3 - https:\/\/yoast.com\/product\/yoast-seo-wordpress\/ -->\n<title>Qui som - SimaPenedes<\/title>\n<meta name=\"robots\" content=\"index, follow, max-snippet:-1, max-image-preview:large, max-video-preview:-1\" \/>\n<link rel=\"canonical\" href=\"https:\/\/simapenedes.com\/ca\/qui-som\/\" \/>\n<meta property=\"og:locale\" content=\"ca_ES\" \/>\n<meta property=\"og:type\" content=\"article\" \/>\n<meta property=\"og:title\" content=\"Qui som - SimaPenedes\" \/>\n<meta property=\"og:description\" content=\"SIMA PENED\u00c8S S.L.Sobre nosaltres La nostra Traject\u00f2ria d&#039;\u00c8xit a Enginyeria Industrial Sima Pened\u00e8s, una hist\u00f2ria de comprom\u00eds, innovaci\u00f3 i \u00e8xit. Amb m\u00e9s de 40 anys d&#039;experi\u00e8ncia al sector de l&#039;enginyeria industrial, hem evolucionat per convertir-nos en un referent a la ind\u00fastria. Som una empresa dedicada al manteniment industrial, disseny de maquin\u00e0ria i molt m\u00e9s, recolzada [&hellip;]\" \/>\n<meta property=\"og:url\" content=\"https:\/\/simapenedes.com\/ca\/qui-som\/\" \/>\n<meta property=\"og:site_name\" content=\"SimaPenedes\" \/>\n<meta property=\"article:modified_time\" content=\"2024-10-18T15:12:24+00:00\" \/>\n<meta name=\"twitter:card\" content=\"summary_large_image\" \/>\n<meta name=\"twitter:label1\" content=\"Temps estimat de lectura\" \/>\n\t<meta name=\"twitter:data1\" content=\"8 minuts\" \/>\n<script type=\"application\/ld+json\" class=\"yoast-schema-graph\">{\"@context\":\"https:\\\/\\\/schema.org\",\"@graph\":[{\"@type\":\"WebPage\",\"@id\":\"https:\\\/\\\/simapenedes.com\\\/ca\\\/qui-som\\\/\",\"url\":\"https:\\\/\\\/simapenedes.com\\\/ca\\\/qui-som\\\/\",\"name\":\"Qui som - SimaPenedes\",\"isPartOf\":{\"@id\":\"https:\\\/\\\/simapenedes.com\\\/#website\"},\"datePublished\":\"2023-06-05T09:11:38+00:00\",\"dateModified\":\"2024-10-18T15:12:24+00:00\",\"breadcrumb\":{\"@id\":\"https:\\\/\\\/simapenedes.com\\\/ca\\\/qui-som\\\/#breadcrumb\"},\"inLanguage\":\"ca\",\"potentialAction\":[{\"@type\":\"ReadAction\",\"target\":[\"https:\\\/\\\/simapenedes.com\\\/ca\\\/qui-som\\\/\"]}]},{\"@type\":\"BreadcrumbList\",\"@id\":\"https:\\\/\\\/simapenedes.com\\\/ca\\\/qui-som\\\/#breadcrumb\",\"itemListElement\":[{\"@type\":\"ListItem\",\"position\":1,\"name\":\"Portada\",\"item\":\"https:\\\/\\\/simapenedes.com\\\/ca\\\/\"},{\"@type\":\"ListItem\",\"position\":2,\"name\":\"Qui som\"}]},{\"@type\":\"WebSite\",\"@id\":\"https:\\\/\\\/simapenedes.com\\\/#website\",\"url\":\"https:\\\/\\\/simapenedes.com\\\/\",\"name\":\"Sima Penedes\",\"description\":\"Automatizaci\u00f3n industrial\",\"publisher\":{\"@id\":\"https:\\\/\\\/simapenedes.com\\\/#organization\"},\"potentialAction\":[{\"@type\":\"SearchAction\",\"target\":{\"@type\":\"EntryPoint\",\"urlTemplate\":\"https:\\\/\\\/simapenedes.com\\\/?s={search_term_string}\"},\"query-input\":{\"@type\":\"PropertyValueSpecification\",\"valueRequired\":true,\"valueName\":\"search_term_string\"}}],\"inLanguage\":\"ca\"},{\"@type\":\"Organization\",\"@id\":\"https:\\\/\\\/simapenedes.com\\\/#organization\",\"name\":\"Sima Penedes\",\"url\":\"https:\\\/\\\/simapenedes.com\\\/\",\"logo\":{\"@type\":\"ImageObject\",\"inLanguage\":\"ca\",\"@id\":\"https:\\\/\\\/simapenedes.com\\\/#\\\/schema\\\/logo\\\/image\\\/\",\"url\":\"https:\\\/\\\/simapenedes.com\\\/wp-content\\\/uploads\\\/2023\\\/07\\\/cropped-logo-1.png\",\"contentUrl\":\"https:\\\/\\\/simapenedes.com\\\/wp-content\\\/uploads\\\/2023\\\/07\\\/cropped-logo-1.png\",\"width\":512,\"height\":512,\"caption\":\"Sima Penedes\"},\"image\":{\"@id\":\"https:\\\/\\\/simapenedes.com\\\/#\\\/schema\\\/logo\\\/image\\\/\"},\"sameAs\":[\"https:\\\/\\\/www.instagram.com\\\/simapenedes\\\/\"]}]}<\/script>\n<!-- \/ Yoast SEO plugin. -->","yoast_head_json":{"title":"Qui som - SimaPenedes","robots":{"index":"index","follow":"follow","max-snippet":"max-snippet:-1","max-image-preview":"max-image-preview:large","max-video-preview":"max-video-preview:-1"},"canonical":"https:\/\/simapenedes.com\/ca\/qui-som\/","og_locale":"ca_ES","og_type":"article","og_title":"Qui som - SimaPenedes","og_description":"SIMA PENED\u00c8S S.L.Sobre nosaltres La nostra Traject\u00f2ria d'\u00c8xit a Enginyeria Industrial Sima Pened\u00e8s, una hist\u00f2ria de comprom\u00eds, innovaci\u00f3 i \u00e8xit. Amb m\u00e9s de 40 anys d'experi\u00e8ncia al sector de l'enginyeria industrial, hem evolucionat per convertir-nos en un referent a la ind\u00fastria. Som una empresa dedicada al manteniment industrial, disseny de maquin\u00e0ria i molt m\u00e9s, recolzada [&hellip;]","og_url":"https:\/\/simapenedes.com\/ca\/qui-som\/","og_site_name":"SimaPenedes","article_modified_time":"2024-10-18T15:12:24+00:00","twitter_card":"summary_large_image","twitter_misc":{"Temps estimat de lectura":"8 minuts"},"schema":{"@context":"https:\/\/schema.org","@graph":[{"@type":"WebPage","@id":"https:\/\/simapenedes.com\/ca\/qui-som\/","url":"https:\/\/simapenedes.com\/ca\/qui-som\/","name":"Qui som - SimaPenedes","isPartOf":{"@id":"https:\/\/simapenedes.com\/#website"},"datePublished":"2023-06-05T09:11:38+00:00","dateModified":"2024-10-18T15:12:24+00:00","breadcrumb":{"@id":"https:\/\/simapenedes.com\/ca\/qui-som\/#breadcrumb"},"inLanguage":"ca","potentialAction":[{"@type":"ReadAction","target":["https:\/\/simapenedes.com\/ca\/qui-som\/"]}]},{"@type":"BreadcrumbList","@id":"https:\/\/simapenedes.com\/ca\/qui-som\/#breadcrumb","itemListElement":[{"@type":"ListItem","position":1,"name":"Portada","item":"https:\/\/simapenedes.com\/ca\/"},{"@type":"ListItem","position":2,"name":"Qui som"}]},{"@type":"WebSite","@id":"https:\/\/simapenedes.com\/#website","url":"https:\/\/simapenedes.com\/","name":"Sima Penedes","description":"Automatizaci\u00f3n industrial","publisher":{"@id":"https:\/\/simapenedes.com\/#organization"},"potentialAction":[{"@type":"SearchAction","target":{"@type":"EntryPoint","urlTemplate":"https:\/\/simapenedes.com\/?s={search_term_string}"},"query-input":{"@type":"PropertyValueSpecification","valueRequired":true,"valueName":"search_term_string"}}],"inLanguage":"ca"},{"@type":"Organization","@id":"https:\/\/simapenedes.com\/#organization","name":"Sima Penedes","url":"https:\/\/simapenedes.com\/","logo":{"@type":"ImageObject","inLanguage":"ca","@id":"https:\/\/simapenedes.com\/#\/schema\/logo\/image\/","url":"https:\/\/simapenedes.com\/wp-content\/uploads\/2023\/07\/cropped-logo-1.png","contentUrl":"https:\/\/simapenedes.com\/wp-content\/uploads\/2023\/07\/cropped-logo-1.png","width":512,"height":512,"caption":"Sima Penedes"},"image":{"@id":"https:\/\/simapenedes.com\/#\/schema\/logo\/image\/"},"sameAs":["https:\/\/www.instagram.com\/simapenedes\/"]}]}},"_links":{"self":[{"href":"https:\/\/simapenedes.com\/ca\/wp-json\/wp\/v2\/pages\/434","targetHints":{"allow":["GET"]}}],"collection":[{"href":"https:\/\/simapenedes.com\/ca\/wp-json\/wp\/v2\/pages"}],"about":[{"href":"https:\/\/simapenedes.com\/ca\/wp-json\/wp\/v2\/types\/page"}],"author":[{"embeddable":true,"href":"https:\/\/simapenedes.com\/ca\/wp-json\/wp\/v2\/users\/1"}],"replies":[{"embeddable":true,"href":"https:\/\/simapenedes.com\/ca\/wp-json\/wp\/v2\/comments?post=434"}],"version-history":[{"count":6,"href":"https:\/\/simapenedes.com\/ca\/wp-json\/wp\/v2\/pages\/434\/revisions"}],"predecessor-version":[{"id":588,"href":"https:\/\/simapenedes.com\/ca\/wp-json\/wp\/v2\/pages\/434\/revisions\/588"}],"wp:attachment":[{"href":"https:\/\/simapenedes.com\/ca\/wp-json\/wp\/v2\/media?parent=434"}],"curies":[{"name":"wp","href":"https:\/\/api.w.org\/{rel}","templated":true}]}}