{"id":524,"date":"2024-10-18T13:50:42","date_gmt":"2024-10-18T13:50:42","guid":{"rendered":"https:\/\/simapenedes.com\/trabaja-con-nosotros\/"},"modified":"2024-10-18T13:52:43","modified_gmt":"2024-10-18T13:52:43","slug":"trabaja-con-nosotros","status":"publish","type":"page","link":"https:\/\/simapenedes.com\/ca\/trabaja-con-nosotros\/","title":{"rendered":"Treballa amb nosaltres"},"content":{"rendered":"<p>[et_pb_section fb_built=&#8221;1&#8243; theme_builder_area=&#8221;post_content&#8221; _builder_version=&#8221;4.27.2&#8243; _module_preset=&#8221;default&#8221; border_width_bottom=&#8221;2px&#8221; hover_enabled=&#8221;0&#8243; sticky_enabled=&#8221;0&#8243;][et_pb_row _builder_version=&#8221;4.27.2&#8243; _module_preset=&#8221;default&#8221; theme_builder_area=&#8221;post_content&#8221;][et_pb_column _builder_version=&#8221;4.27.2&#8243; _module_preset=&#8221;default&#8221; type=&#8221;4_4&#8243; theme_builder_area=&#8221;post_content&#8221;][et_pb_text _builder_version=&#8221;4.27.2&#8243; _module_preset=&#8221;default&#8221; theme_builder_area=&#8221;post_content&#8221; hover_enabled=&#8221;0&#8243; sticky_enabled=&#8221;0&#8243;]<\/p>\n<p><b>OFERTA D&#8217;OCUPACI\u00d3: OFICIAL DE PRIMERA ELECTRICISTA<\/b><\/p>\n<p>[\/et_pb_text][\/et_pb_column][\/et_pb_row][et_pb_row _builder_version=&#8221;4.27.2&#8243; _module_preset=&#8221;default&#8221; theme_builder_area=&#8221;post_content&#8221;][et_pb_column _builder_version=&#8221;4.27.2&#8243; _module_preset=&#8221;default&#8221; type=&#8221;4_4&#8243; theme_builder_area=&#8221;post_content&#8221;][et_pb_text _builder_version=&#8221;4.27.2&#8243; _module_preset=&#8221;default&#8221; theme_builder_area=&#8221;post_content&#8221; hover_enabled=&#8221;0&#8243; sticky_enabled=&#8221;0&#8243;]<\/p>\n<p><b>Ubicaci\u00f3:<\/b> <span style=\"font-weight: 400;\">Zona Pened\u00e8s, Prov\u00edncia de Barcelona<\/span><\/p>\n<p><b>Contracte:<\/b> <span style=\"font-weight: 400;\">Indefinit \u2013 Jornada Completa<\/span><\/p>\n<p><b>Tipus de lloc:<\/b> <span style=\"font-weight: 400;\">Presencial<\/span><\/p>\n<p><b>Descripci\u00f3 de l&#8217;empresa:<\/b><\/p>\n<p><span style=\"font-weight: 400;\">Som una empresa amb m\u00e9s de 40 anys d&#8217;experi\u00e8ncia al sector metal\u00b7l\u00fargic, especialitzada en el manteniment industrial a f\u00e0briques. El nostre departament d&#8217;enginyeria \u00e9s clau, i comptem amb una experi\u00e8ncia s\u00f2lida en projectes d&#8217;alta complexitat tecnol\u00f2gica, dissenyant i construint maquin\u00e0ria especialitzada adaptada a les necessitats dels nostres clients. <\/span><\/p>\n<p><b>Responsabilitats del lloc:<\/b><\/p>\n<ul>\n<li style=\"font-weight: 400;\" aria-level=\"1\"><span style=\"font-weight: 400;\">Solucionar avaries el\u00e8ctriques en instal\u00b7lacions industrials.<\/span><\/li>\n<li style=\"font-weight: 400;\" aria-level=\"1\"><span style=\"font-weight: 400;\">Manteniment preventiu i correctiu de sistemes el\u00e8ctrics.<\/span><\/li>\n<li style=\"font-weight: 400;\" aria-level=\"1\"><span style=\"font-weight: 400;\">Col\u00b7laborar amb l&#8217;equip t\u00e8cnic per assegurar el bon funcionament de les m\u00e0quines i els sistemes automatitzats.<\/span><\/li>\n<\/ul>\n<p><b>Requisits:<\/b><\/p>\n<ul>\n<li style=\"font-weight: 400;\" aria-level=\"1\"><span style=\"font-weight: 400;\">Cicle formatiu de grau mitj\u00e0 o superior en electricitat o experi\u00e8ncia demostrable en un lloc similar.<\/span><\/li>\n<li style=\"font-weight: 400;\" aria-level=\"1\"><span style=\"font-weight: 400;\">Coneixements en instal\u00b7lacions i manteniment el\u00e8ctric industrial.<\/span><\/li>\n<li style=\"font-weight: 400;\" aria-level=\"1\"><span style=\"font-weight: 400;\">Capacitat per diagnosticar i resoldre avaries el\u00e8ctriques.<\/span><\/li>\n<li style=\"font-weight: 400;\" aria-level=\"1\"><span style=\"font-weight: 400;\">Persona proactiva, organitzada i amb capacitat de treball en equip.<\/span><\/li>\n<\/ul>\n<p><b>Oferim:<\/b><\/p>\n<ul>\n<li style=\"font-weight: 400;\" aria-level=\"1\"><span style=\"font-weight: 400;\">Contracte indefinit i estabilitat laboral.<\/span><\/li>\n<li style=\"font-weight: 400;\" aria-level=\"1\"><span style=\"font-weight: 400;\">Integrar-te en una empresa consolidada amb un equip de professionals altament qualificats.<\/span><\/li>\n<li style=\"font-weight: 400;\" aria-level=\"1\"><span style=\"font-weight: 400;\">Oportunitats de formaci\u00f3 i desenvolupament continu.<\/span><\/li>\n<\/ul>\n<p>&nbsp;<\/p>\n<p><span style=\"font-weight: 400;\">Si compleixes els requisits i desitges formar part del nostre equip, envia&#8217;ns el teu CV a<\/span> <a href=\"mailto:rrhh@simapenedes.com\"><b>rrhh@simapenedes.com<\/b><\/a><\/p>\n<p>[\/et_pb_text][\/et_pb_column][\/et_pb_row][\/et_pb_section][et_pb_section fb_built=&#8221;1&#8243; theme_builder_area=&#8221;post_content&#8221; _builder_version=&#8221;4.27.2&#8243; _module_preset=&#8221;default&#8221; border_width_bottom=&#8221;2px&#8221; hover_enabled=&#8221;0&#8243; sticky_enabled=&#8221;0&#8243;][et_pb_row _builder_version=&#8221;4.27.2&#8243; _module_preset=&#8221;default&#8221; theme_builder_area=&#8221;post_content&#8221;][et_pb_column _builder_version=&#8221;4.27.2&#8243; _module_preset=&#8221;default&#8221; type=&#8221;4_4&#8243; theme_builder_area=&#8221;post_content&#8221;][et_pb_text _builder_version=&#8221;4.27.2&#8243; _module_preset=&#8221;default&#8221; theme_builder_area=&#8221;post_content&#8221; hover_enabled=&#8221;0&#8243; sticky_enabled=&#8221;0&#8243;]<\/p>\n<p><b>OFERTA D&#8217;OCUPACI\u00d3: MEC\u00c0NIC DE MANTENIMENT INDUSTRIAL<\/b><\/p>\n<p>[\/et_pb_text][\/et_pb_column][\/et_pb_row][et_pb_row _builder_version=&#8221;4.27.2&#8243; _module_preset=&#8221;default&#8221; theme_builder_area=&#8221;post_content&#8221;][et_pb_column _builder_version=&#8221;4.27.2&#8243; _module_preset=&#8221;default&#8221; type=&#8221;4_4&#8243; theme_builder_area=&#8221;post_content&#8221;][et_pb_text _builder_version=&#8221;4.27.2&#8243; _module_preset=&#8221;default&#8221; theme_builder_area=&#8221;post_content&#8221; hover_enabled=&#8221;0&#8243; sticky_enabled=&#8221;0&#8243;]<\/p>\n<p><b>Ubicaci\u00f3<\/b> <span style=\"font-weight: 400;\">: Zona Pened\u00e8s, Prov\u00edncia de Barcelona<\/span><span style=\"font-weight: 400;\"><br \/><\/span> <b>Contracte<\/b> <span style=\"font-weight: 400;\">: Indefinit \u2013 Jornada Completa<\/span><span style=\"font-weight: 400;\"><br \/><\/span> <b>Tipus de lloc<\/b> <span style=\"font-weight: 400;\">: Presencial<\/span><\/p>\n<p><b>Descripci\u00f3 de l&#8217;empresa<\/b> <span style=\"font-weight: 400;\">:<\/span><span style=\"font-weight: 400;\"><br \/><\/span><span style=\"font-weight: 400;\">Amb m\u00e9s de 40 anys d&#8217;experi\u00e8ncia al sector metal\u00b7l\u00fargic, som una empresa especialitzada en el manteniment industrial a f\u00e0briques, col\u00b7laborant estretament amb empreses d&#8217;injecci\u00f3 de pl\u00e0stic, automoci\u00f3 i ind\u00fastria qu\u00edmica. El nostre departament d&#8217;enginyeria destaca per dur a terme projectes d&#8217;alta complexitat tecnol\u00f2gica, oferint solucions a mida per a l&#8217;automatitzaci\u00f3 de processos i fabricaci\u00f3 de maquin\u00e0ria especialitzada. <\/span><\/p>\n<p><b>Responsabilitats del lloc<\/b> <span style=\"font-weight: 400;\">:<\/span><\/p>\n<ul>\n<li style=\"font-weight: 400;\" aria-level=\"1\"><span style=\"font-weight: 400;\">Manteniment preventiu i correctiu de maquin\u00e0ria industrial.<\/span><\/li>\n<li style=\"font-weight: 400;\" aria-level=\"1\"><span style=\"font-weight: 400;\">Detecci\u00f3 i resoluci\u00f3 davaries mec\u00e0niques en equips industrials.<\/span><\/li>\n<li style=\"font-weight: 400;\" aria-level=\"1\"><span style=\"font-weight: 400;\">Realitzaci\u00f3 d&#8217;ajustaments i millores a les m\u00e0quines per optimitzar-ne el rendiment.<\/span><\/li>\n<li style=\"font-weight: 400;\" aria-level=\"1\"><span style=\"font-weight: 400;\">Col\u00b7laborar amb l&#8217;equip d&#8217;enginyeria en la implementaci\u00f3 de millores als processos.<\/span><\/li>\n<\/ul>\n<p><b>Requisits<\/b> <span style=\"font-weight: 400;\">:<\/span><\/p>\n<ul>\n<li style=\"font-weight: 400;\" aria-level=\"1\"><span style=\"font-weight: 400;\">Formaci\u00f3 en Mec\u00e0nica Industrial o experi\u00e8ncia equivalent en un lloc semblant.<\/span><\/li>\n<li style=\"font-weight: 400;\" aria-level=\"1\"><span style=\"font-weight: 400;\">Coneixements s\u00f2lids en manteniment mec\u00e0nic de maquin\u00e0ria industrial.<\/span><\/li>\n<li style=\"font-weight: 400;\" aria-level=\"1\"><span style=\"font-weight: 400;\">Habilitat per treballar amb equips com ara torns, fresadores, i centres de mecanitzat.<\/span><\/li>\n<li style=\"font-weight: 400;\" aria-level=\"1\"><span style=\"font-weight: 400;\">Capacitat de diagn\u00f2stic i resoluci\u00f3 de problemes de manera aut\u00f2noma.<\/span><\/li>\n<li style=\"font-weight: 400;\" aria-level=\"1\"><span style=\"font-weight: 400;\">Persona amb iniciativa, organitzada i orientada a resultats.<\/span><\/li>\n<\/ul>\n<p><b>Oferim<\/b> <span style=\"font-weight: 400;\">:<\/span><\/p>\n<ul>\n<li style=\"font-weight: 400;\" aria-level=\"1\"><span style=\"font-weight: 400;\">Contracte indefinit amb estabilitat laboral a una empresa consolidada.<\/span><\/li>\n<li style=\"font-weight: 400;\" aria-level=\"1\"><span style=\"font-weight: 400;\">Oportunitat de treballar en projectes desafiadors i en un entorn t\u00e8cnic avan\u00e7at.<\/span><\/li>\n<li style=\"font-weight: 400;\" aria-level=\"1\"><span style=\"font-weight: 400;\">Possibilitat de formaci\u00f3 continuada i desenvolupament professional.<\/span><\/li>\n<\/ul>\n<p><span style=\"font-weight: 400;\">Si est\u00e0s interessat a formar part del nostre equip i compleixes amb els requisits, envia&#8217;ns el teu CV a<\/span> <a href=\"mailto:rrhh@simapenedes.com\"><b>rrhh@simapenedes.com<\/b><\/a><\/p>\n<p>[\/et_pb_text][\/et_pb_column][\/et_pb_row][\/et_pb_section][et_pb_section fb_built=&#8221;1&#8243; theme_builder_area=&#8221;post_content&#8221; _builder_version=&#8221;4.27.2&#8243; _module_preset=&#8221;default&#8221; border_width_bottom=&#8221;2px&#8221; hover_enabled=&#8221;0&#8243; sticky_enabled=&#8221;0&#8243;][et_pb_row _builder_version=&#8221;4.27.2&#8243; _module_preset=&#8221;default&#8221; theme_builder_area=&#8221;post_content&#8221;][et_pb_column _builder_version=&#8221;4.27.2&#8243; _module_preset=&#8221;default&#8221; type=&#8221;4_4&#8243; theme_builder_area=&#8221;post_content&#8221;][et_pb_text _builder_version=&#8221;4.27.2&#8243; _module_preset=&#8221;default&#8221; theme_builder_area=&#8221;post_content&#8221; hover_enabled=&#8221;0&#8243; sticky_enabled=&#8221;0&#8243;]<\/p>\n<p><b>OFERTA D&#8217;OCUPACI\u00d3: OFICIAL PER A TREBALLS D&#8217;AJUSTOS A MOTLLES D&#8217;ACER<\/b><\/p>\n<p>[\/et_pb_text][\/et_pb_column][\/et_pb_row][et_pb_row _builder_version=&#8221;4.27.2&#8243; _module_preset=&#8221;default&#8221; theme_builder_area=&#8221;post_content&#8221;][et_pb_column _builder_version=&#8221;4.27.2&#8243; _module_preset=&#8221;default&#8221; type=&#8221;4_4&#8243; theme_builder_area=&#8221;post_content&#8221;][et_pb_text _builder_version=&#8221;4.27.2&#8243; _module_preset=&#8221;default&#8221; theme_builder_area=&#8221;post_content&#8221; hover_enabled=&#8221;0&#8243; sticky_enabled=&#8221;0&#8243;]<\/p>\n<p><b>Ubicaci\u00f3<\/b> <span style=\"font-weight: 400;\">: Zona Pened\u00e8s, Prov\u00edncia de Barcelona<\/span><span style=\"font-weight: 400;\"><br \/><\/span> <b>Contracte<\/b> <span style=\"font-weight: 400;\">: Indefinit \u2013 Jornada Completa<\/span><span style=\"font-weight: 400;\"><br \/><\/span> <b>Tipus de lloc<\/b> <span style=\"font-weight: 400;\">: Presencial<\/span><\/p>\n<p><b>Descripci\u00f3 de l&#8217;empresa<\/b> <span style=\"font-weight: 400;\">:<\/span><span style=\"font-weight: 400;\"><br \/><\/span><span style=\"font-weight: 400;\">Amb m\u00e9s de 40 anys al sector metal\u00b7l\u00fargic, ens especialitzem en manteniment industrial, col\u00b7laborant amb sectors com automoci\u00f3, ind\u00fastria qu\u00edmica i injecci\u00f3 de pl\u00e0stic. El nostre departament d&#8217;enginyeria \u00e9s conegut per la seva experi\u00e8ncia en projectes d&#8217;alta complexitat tecnol\u00f2gica, dissenyant solucions a mida per a la fabricaci\u00f3 i l&#8217;automatitzaci\u00f3 de processos industrials. <\/span><\/p>\n<p><b>Responsabilitats del lloc<\/b> <span style=\"font-weight: 400;\">:<\/span><\/p>\n<ul>\n<li style=\"font-weight: 400;\" aria-level=\"1\"><span style=\"font-weight: 400;\">Realitzaci\u00f3 d&#8217;ajustaments i manteniment de motlles d&#8217;acer per a processos industrials.<\/span><\/li>\n<li style=\"font-weight: 400;\" aria-level=\"1\"><span style=\"font-weight: 400;\">Control i revisi\u00f3 de toler\u00e0ncies i qualitat dels motlles.<\/span><\/li>\n<li style=\"font-weight: 400;\" aria-level=\"1\"><span style=\"font-weight: 400;\">Reparaci\u00f3 i optimitzaci\u00f3 de motlles per millorar el rendiment en producci\u00f3.<\/span><\/li>\n<li style=\"font-weight: 400;\" aria-level=\"1\"><span style=\"font-weight: 400;\">Col\u00b7laborar amb els departaments de mecanitzat i enginyeria per garantir la precisi\u00f3 en els ajustaments.<\/span><\/li>\n<\/ul>\n<p><b>Requisits<\/b> <span style=\"font-weight: 400;\">:<\/span><\/p>\n<ul>\n<li style=\"font-weight: 400;\" aria-level=\"1\"><span style=\"font-weight: 400;\">Experi\u00e8ncia pr\u00e8via en l&#8217;ajust i el manteniment de motlles d&#8217;acer, preferentment en el sector d&#8217;injecci\u00f3 de pl\u00e0stic.<\/span><\/li>\n<li style=\"font-weight: 400;\" aria-level=\"1\"><span style=\"font-weight: 400;\">Coneixement de t\u00e8cniques de mecanitzaci\u00f3 i ajustament de precisi\u00f3.<\/span><\/li>\n<li style=\"font-weight: 400;\" aria-level=\"1\"><span style=\"font-weight: 400;\">Capacitat per treballar amb eines manuals i maquin\u00e0ria especialitzada.<\/span><\/li>\n<li style=\"font-weight: 400;\" aria-level=\"1\"><span style=\"font-weight: 400;\">Atenci\u00f3 al detall i habilitats en la lectura de pl\u00e0nols i toler\u00e0ncies ajustades.<\/span><\/li>\n<li style=\"font-weight: 400;\" aria-level=\"1\"><span style=\"font-weight: 400;\">Persona responsable, meticulosa i amb habilitats de treball en equip.<\/span><\/li>\n<\/ul>\n<p><b>Oferim<\/b> <span style=\"font-weight: 400;\">:<\/span><\/p>\n<ul>\n<li style=\"font-weight: 400;\" aria-level=\"1\"><span style=\"font-weight: 400;\">Contracte indefinit i estabilitat laboral en una empresa l\u00edder al seu sector.<\/span><\/li>\n<li style=\"font-weight: 400;\" aria-level=\"1\"><span style=\"font-weight: 400;\">Projectes t\u00e8cnics desafiadors i oportunitats de desenvolupament professional.<\/span><\/li>\n<li style=\"font-weight: 400;\" aria-level=\"1\"><span style=\"font-weight: 400;\">Formaci\u00f3 continuada i un entorn de treball col\u00b7laboratiu i orientat a l&#8217;excel\u00b7l\u00e8ncia.<\/span><\/li>\n<\/ul>\n<p><span style=\"font-weight: 400;\">Si compleixes els requisits i est\u00e0s interessat en el lloc, envia&#8217;ns el teu CV a<\/span> <a href=\"mailto:rrhh@simapenedes.com\"><b>rrhh@simapenedes.com<\/b><\/a><\/p>\n<p>[\/et_pb_text][\/et_pb_column][\/et_pb_row][\/et_pb_section]<\/p>\n","protected":false},"excerpt":{"rendered":"<p>OFERTA D&#8217;OCUPACI\u00d3: OFICIAL DE PRIMERA ELECTRICISTAUbicaci\u00f3: Zona Pened\u00e8s, Prov\u00edncia de Barcelona Contracte: Indefinit \u2013 Jornada Completa Tipus de lloc: Presencial Descripci\u00f3 de l&#8217;empresa: Som una empresa amb m\u00e9s de 40 anys d&#8217;experi\u00e8ncia al sector metal\u00b7l\u00fargic, especialitzada en el manteniment industrial a f\u00e0briques. El nostre departament d&#8217;enginyeria \u00e9s clau, i comptem amb una experi\u00e8ncia s\u00f2lida en [&hellip;]<\/p>\n","protected":false},"author":1,"featured_media":0,"parent":0,"menu_order":0,"comment_status":"closed","ping_status":"closed","template":"","meta":{"_acf_changed":false,"_et_pb_use_builder":"on","_et_pb_old_content":"","_et_gb_content_width":"","footnotes":""},"class_list":["post-524","page","type-page","status-publish","hentry"],"acf":[],"yoast_head":"<!-- This site is optimized with the Yoast SEO plugin v27.3 - https:\/\/yoast.com\/product\/yoast-seo-wordpress\/ -->\n<title>Treballa amb nosaltres - SimaPenedes<\/title>\n<meta name=\"robots\" content=\"index, follow, max-snippet:-1, max-image-preview:large, max-video-preview:-1\" \/>\n<link rel=\"canonical\" href=\"https:\/\/simapenedes.com\/ca\/trabaja-con-nosotros\/\" \/>\n<meta property=\"og:locale\" content=\"ca_ES\" \/>\n<meta property=\"og:type\" content=\"article\" \/>\n<meta property=\"og:title\" content=\"Treballa amb nosaltres - SimaPenedes\" \/>\n<meta property=\"og:description\" content=\"OFERTA D&#039;OCUPACI\u00d3: OFICIAL DE PRIMERA ELECTRICISTAUbicaci\u00f3: Zona Pened\u00e8s, Prov\u00edncia de Barcelona Contracte: Indefinit \u2013 Jornada Completa Tipus de lloc: Presencial Descripci\u00f3 de l&#039;empresa: Som una empresa amb m\u00e9s de 40 anys d&#039;experi\u00e8ncia al sector metal\u00b7l\u00fargic, especialitzada en el manteniment industrial a f\u00e0briques. El nostre departament d&#039;enginyeria \u00e9s clau, i comptem amb una experi\u00e8ncia s\u00f2lida en [&hellip;]\" \/>\n<meta property=\"og:url\" content=\"https:\/\/simapenedes.com\/ca\/trabaja-con-nosotros\/\" \/>\n<meta property=\"og:site_name\" content=\"SimaPenedes\" \/>\n<meta property=\"article:modified_time\" content=\"2024-10-18T13:52:43+00:00\" \/>\n<meta name=\"twitter:card\" content=\"summary_large_image\" \/>\n<script type=\"application\/ld+json\" class=\"yoast-schema-graph\">{\"@context\":\"https:\\\/\\\/schema.org\",\"@graph\":[{\"@type\":\"WebPage\",\"@id\":\"https:\\\/\\\/simapenedes.com\\\/ca\\\/trabaja-con-nosotros\\\/\",\"url\":\"https:\\\/\\\/simapenedes.com\\\/ca\\\/trabaja-con-nosotros\\\/\",\"name\":\"Treballa amb nosaltres - SimaPenedes\",\"isPartOf\":{\"@id\":\"https:\\\/\\\/simapenedes.com\\\/#website\"},\"datePublished\":\"2024-10-18T13:50:42+00:00\",\"dateModified\":\"2024-10-18T13:52:43+00:00\",\"breadcrumb\":{\"@id\":\"https:\\\/\\\/simapenedes.com\\\/ca\\\/trabaja-con-nosotros\\\/#breadcrumb\"},\"inLanguage\":\"ca\",\"potentialAction\":[{\"@type\":\"ReadAction\",\"target\":[\"https:\\\/\\\/simapenedes.com\\\/ca\\\/trabaja-con-nosotros\\\/\"]}]},{\"@type\":\"BreadcrumbList\",\"@id\":\"https:\\\/\\\/simapenedes.com\\\/ca\\\/trabaja-con-nosotros\\\/#breadcrumb\",\"itemListElement\":[{\"@type\":\"ListItem\",\"position\":1,\"name\":\"Portada\",\"item\":\"https:\\\/\\\/simapenedes.com\\\/ca\\\/\"},{\"@type\":\"ListItem\",\"position\":2,\"name\":\"Treballa amb nosaltres\"}]},{\"@type\":\"WebSite\",\"@id\":\"https:\\\/\\\/simapenedes.com\\\/#website\",\"url\":\"https:\\\/\\\/simapenedes.com\\\/\",\"name\":\"Sima Penedes\",\"description\":\"Automatizaci\u00f3n industrial\",\"publisher\":{\"@id\":\"https:\\\/\\\/simapenedes.com\\\/#organization\"},\"potentialAction\":[{\"@type\":\"SearchAction\",\"target\":{\"@type\":\"EntryPoint\",\"urlTemplate\":\"https:\\\/\\\/simapenedes.com\\\/?s={search_term_string}\"},\"query-input\":{\"@type\":\"PropertyValueSpecification\",\"valueRequired\":true,\"valueName\":\"search_term_string\"}}],\"inLanguage\":\"ca\"},{\"@type\":\"Organization\",\"@id\":\"https:\\\/\\\/simapenedes.com\\\/#organization\",\"name\":\"Sima Penedes\",\"url\":\"https:\\\/\\\/simapenedes.com\\\/\",\"logo\":{\"@type\":\"ImageObject\",\"inLanguage\":\"ca\",\"@id\":\"https:\\\/\\\/simapenedes.com\\\/#\\\/schema\\\/logo\\\/image\\\/\",\"url\":\"https:\\\/\\\/simapenedes.com\\\/wp-content\\\/uploads\\\/2023\\\/07\\\/cropped-logo-1.png\",\"contentUrl\":\"https:\\\/\\\/simapenedes.com\\\/wp-content\\\/uploads\\\/2023\\\/07\\\/cropped-logo-1.png\",\"width\":512,\"height\":512,\"caption\":\"Sima Penedes\"},\"image\":{\"@id\":\"https:\\\/\\\/simapenedes.com\\\/#\\\/schema\\\/logo\\\/image\\\/\"},\"sameAs\":[\"https:\\\/\\\/www.instagram.com\\\/simapenedes\\\/\"]}]}<\/script>\n<!-- \/ Yoast SEO plugin. -->","yoast_head_json":{"title":"Treballa amb nosaltres - SimaPenedes","robots":{"index":"index","follow":"follow","max-snippet":"max-snippet:-1","max-image-preview":"max-image-preview:large","max-video-preview":"max-video-preview:-1"},"canonical":"https:\/\/simapenedes.com\/ca\/trabaja-con-nosotros\/","og_locale":"ca_ES","og_type":"article","og_title":"Treballa amb nosaltres - SimaPenedes","og_description":"OFERTA D'OCUPACI\u00d3: OFICIAL DE PRIMERA ELECTRICISTAUbicaci\u00f3: Zona Pened\u00e8s, Prov\u00edncia de Barcelona Contracte: Indefinit \u2013 Jornada Completa Tipus de lloc: Presencial Descripci\u00f3 de l'empresa: Som una empresa amb m\u00e9s de 40 anys d'experi\u00e8ncia al sector metal\u00b7l\u00fargic, especialitzada en el manteniment industrial a f\u00e0briques. El nostre departament d'enginyeria \u00e9s clau, i comptem amb una experi\u00e8ncia s\u00f2lida en [&hellip;]","og_url":"https:\/\/simapenedes.com\/ca\/trabaja-con-nosotros\/","og_site_name":"SimaPenedes","article_modified_time":"2024-10-18T13:52:43+00:00","twitter_card":"summary_large_image","schema":{"@context":"https:\/\/schema.org","@graph":[{"@type":"WebPage","@id":"https:\/\/simapenedes.com\/ca\/trabaja-con-nosotros\/","url":"https:\/\/simapenedes.com\/ca\/trabaja-con-nosotros\/","name":"Treballa amb nosaltres - SimaPenedes","isPartOf":{"@id":"https:\/\/simapenedes.com\/#website"},"datePublished":"2024-10-18T13:50:42+00:00","dateModified":"2024-10-18T13:52:43+00:00","breadcrumb":{"@id":"https:\/\/simapenedes.com\/ca\/trabaja-con-nosotros\/#breadcrumb"},"inLanguage":"ca","potentialAction":[{"@type":"ReadAction","target":["https:\/\/simapenedes.com\/ca\/trabaja-con-nosotros\/"]}]},{"@type":"BreadcrumbList","@id":"https:\/\/simapenedes.com\/ca\/trabaja-con-nosotros\/#breadcrumb","itemListElement":[{"@type":"ListItem","position":1,"name":"Portada","item":"https:\/\/simapenedes.com\/ca\/"},{"@type":"ListItem","position":2,"name":"Treballa amb nosaltres"}]},{"@type":"WebSite","@id":"https:\/\/simapenedes.com\/#website","url":"https:\/\/simapenedes.com\/","name":"Sima Penedes","description":"Automatizaci\u00f3n industrial","publisher":{"@id":"https:\/\/simapenedes.com\/#organization"},"potentialAction":[{"@type":"SearchAction","target":{"@type":"EntryPoint","urlTemplate":"https:\/\/simapenedes.com\/?s={search_term_string}"},"query-input":{"@type":"PropertyValueSpecification","valueRequired":true,"valueName":"search_term_string"}}],"inLanguage":"ca"},{"@type":"Organization","@id":"https:\/\/simapenedes.com\/#organization","name":"Sima Penedes","url":"https:\/\/simapenedes.com\/","logo":{"@type":"ImageObject","inLanguage":"ca","@id":"https:\/\/simapenedes.com\/#\/schema\/logo\/image\/","url":"https:\/\/simapenedes.com\/wp-content\/uploads\/2023\/07\/cropped-logo-1.png","contentUrl":"https:\/\/simapenedes.com\/wp-content\/uploads\/2023\/07\/cropped-logo-1.png","width":512,"height":512,"caption":"Sima Penedes"},"image":{"@id":"https:\/\/simapenedes.com\/#\/schema\/logo\/image\/"},"sameAs":["https:\/\/www.instagram.com\/simapenedes\/"]}]}},"_links":{"self":[{"href":"https:\/\/simapenedes.com\/ca\/wp-json\/wp\/v2\/pages\/524","targetHints":{"allow":["GET"]}}],"collection":[{"href":"https:\/\/simapenedes.com\/ca\/wp-json\/wp\/v2\/pages"}],"about":[{"href":"https:\/\/simapenedes.com\/ca\/wp-json\/wp\/v2\/types\/page"}],"author":[{"embeddable":true,"href":"https:\/\/simapenedes.com\/ca\/wp-json\/wp\/v2\/users\/1"}],"replies":[{"embeddable":true,"href":"https:\/\/simapenedes.com\/ca\/wp-json\/wp\/v2\/comments?post=524"}],"version-history":[{"count":3,"href":"https:\/\/simapenedes.com\/ca\/wp-json\/wp\/v2\/pages\/524\/revisions"}],"predecessor-version":[{"id":527,"href":"https:\/\/simapenedes.com\/ca\/wp-json\/wp\/v2\/pages\/524\/revisions\/527"}],"wp:attachment":[{"href":"https:\/\/simapenedes.com\/ca\/wp-json\/wp\/v2\/media?parent=524"}],"curies":[{"name":"wp","href":"https:\/\/api.w.org\/{rel}","templated":true}]}}